{"id":40,"date":"2026-05-10T08:14:07","date_gmt":"2026-05-10T08:14:07","guid":{"rendered":"https:\/\/ilk72saat.com\/?page_id=40"},"modified":"2026-05-10T08:21:59","modified_gmt":"2026-05-10T08:21:59","slug":"home","status":"publish","type":"page","link":"https:\/\/ilk72saat.com\/","title":{"rendered":"Home"},"content":{"rendered":"<h1>Haz\u0131r de\u011filsin<\/h1>\n<p>\t\t\t\t\t\t\t\t\t\t\t\t\t\t\t<img loading=\"lazy\" decoding=\"async\" width=\"1536\" height=\"1024\" src=\"https:\/\/ilk72saat.com\/wp-content\/uploads\/2026\/05\/slide1.png\" alt=\"\" srcset=\"https:\/\/ilk72saat.com\/wp-content\/uploads\/2026\/05\/slide1.png 1536w, https:\/\/ilk72saat.com\/wp-content\/uploads\/2026\/05\/slide1-300x200.png 300w, https:\/\/ilk72saat.com\/wp-content\/uploads\/2026\/05\/slide1-1024x683.png 1024w, https:\/\/ilk72saat.com\/wp-content\/uploads\/2026\/05\/slide1-768x512.png 768w\" sizes=\"auto, (max-width: 1536px) 100vw, 1536px\" \/>\t\t\t\t\t\t\t\t\t\t\t\t\t\t\t\t\t\t\t\t\t<a href=\"https:\/\/library.elementor.com\/juice-bar-flexbox\/menu\/\"><br \/>\n\t\t\t\t\t\t\t\t\thaz\u0131rlanmaya ba\u015fla<br \/>\n\t\t\t\t\t<\/a><\/p>\n<h2>\u201cthere is nothing more refreshing than starting your day with a juiceito boost\u201d<\/h2>\n<h4>&#8211; \u2018The Healthy People\u2019 Magazine &#8211;<\/h4>\n<p>\t\t\t\t\t\t\t\t\t\t\t\t\t\t\t<img loading=\"lazy\" decoding=\"async\" width=\"583\" height=\"652\" src=\"https:\/\/ilk72saat.com\/wp-content\/uploads\/2026\/05\/HomePage-Product_1.jpg\" alt=\"\" srcset=\"https:\/\/ilk72saat.com\/wp-content\/uploads\/2026\/05\/HomePage-Product_1.jpg 583w, https:\/\/ilk72saat.com\/wp-content\/uploads\/2026\/05\/HomePage-Product_1-268x300.jpg 268w\" sizes=\"auto, (max-width: 583px) 100vw, 583px\" \/>\t\t\t\t\t\t\t\t\t\t\t\t\t\t\t\t<\/p>\n<h3>smoothies<\/h3>\n<p>Malesuada fames ac turpis egestas integer eget aliquet nibh. Egestas maecenas<\/p>\n<p>\t\t\t\t\t\t\t\t<a href=\"https:\/\/library.elementor.com\/juice-bar-flexbox\/menu\/#smoothies\"><br \/>\n\t\t\t\t\t\t\t\t\tDISCOVER SMOOTHIES<br \/>\n\t\t\t\t\t<\/a><br \/>\n\t\t\t\t\t\t\t\t\t\t\t\t\t\t\t\t\t\t\t<img loading=\"lazy\" decoding=\"async\" width=\"584\" height=\"652\" src=\"https:\/\/ilk72saat.com\/wp-content\/uploads\/2026\/05\/HomePage-Product_2.jpg\" alt=\"\" srcset=\"https:\/\/ilk72saat.com\/wp-content\/uploads\/2026\/05\/HomePage-Product_2.jpg 584w, https:\/\/ilk72saat.com\/wp-content\/uploads\/2026\/05\/HomePage-Product_2-269x300.jpg 269w\" sizes=\"auto, (max-width: 584px) 100vw, 584px\" \/>\t\t\t\t\t\t\t\t\t\t\t\t\t\t\t\t<\/p>\n<h3>pressed Juices<\/h3>\n<p>Malesuada fames ac turpis egestas integer eget aliquet nibh. Egestas maecenas<\/p>\n<p>\t\t\t\t\t\t\t\t<a href=\"https:\/\/library.elementor.com\/juice-bar-flexbox\/menu\/#pressed_juices\"><br \/>\n\t\t\t\t\t\t\t\t\t DISCOVER JUICES<br \/>\n\t\t\t\t\t<\/a><br \/>\n\t\t\t\t\t\t\t\t\t\t\t\t\t\t\t\t\t\t\t<img loading=\"lazy\" decoding=\"async\" width=\"577\" height=\"652\" src=\"https:\/\/ilk72saat.com\/wp-content\/uploads\/2026\/05\/HomePage-Product_3.jpg\" alt=\"\" srcset=\"https:\/\/ilk72saat.com\/wp-content\/uploads\/2026\/05\/HomePage-Product_3.jpg 577w, https:\/\/ilk72saat.com\/wp-content\/uploads\/2026\/05\/HomePage-Product_3-265x300.jpg 265w\" sizes=\"auto, (max-width: 577px) 100vw, 577px\" \/>\t\t\t\t\t\t\t\t\t\t\t\t\t\t\t\t<\/p>\n<h3> wellness shots<\/h3>\n<p>Malesuada fames ac turpis egestas integer eget aliquet nibh. Egestas maecenas<\/p>\n<p>\t\t\t\t\t\t\t\t<a href=\"https:\/\/library.elementor.com\/juice-bar-flexbox\/menu\/#wellness_shots\"><br \/>\n\t\t\t\t\t\t\t\t\tDISCOVER SHOTS<br \/>\n\t\t\t\t\t<\/a><br \/>\n\t\t\t\t\t\t\t\t\t\t\t\t\t\t\t\t\t\t\t<img loading=\"lazy\" decoding=\"async\" width=\"509\" height=\"826\" src=\"https:\/\/ilk72saat.com\/wp-content\/uploads\/2026\/05\/HomePage-AboutUs.jpg\" alt=\"\" srcset=\"https:\/\/ilk72saat.com\/wp-content\/uploads\/2026\/05\/HomePage-AboutUs.jpg 509w, https:\/\/ilk72saat.com\/wp-content\/uploads\/2026\/05\/HomePage-AboutUs-185x300.jpg 185w\" sizes=\"auto, (max-width: 509px) 100vw, 509px\" \/>\t\t\t\t\t\t\t\t\t\t\t\t\t\t\t\t<\/p>\n<h2>San Diego\u2019s<br \/>\nfirst organic<br \/>\nJuice bar<\/h2>\n<p>Since 1980, Juiceito has been pioneering the organic juice space in San Diego. From the start, we have been committed to offering the most delicious fruit &amp; vegetable drinks, made from fresh, locally grown ingredients.<\/p>\n<p>\t\t\t\t\t\t\t\t<a href=\"https:\/\/library.elementor.com\/juice-bar-flexbox\/about\/\"><br \/>\n\t\t\t\t\t\t\t\t\tABOUT US<br \/>\n\t\t\t\t\t<\/a><\/p>\n<h4>\n\t\t\t\t\t\t\t100% organic<br \/>\n\t\t\t\t\t<\/h4>\n<h4>\n\t\t\t\t\t\t\tlocally grown<br \/>\n\t\t\t\t\t<\/h4>\n<h4>\n\t\t\t\t\t\t\tNutrient Dense<br \/>\n\t\t\t\t\t<\/h4>\n<h4>\n\t\t\t\t\t\t\tpressed daily<br \/>\n\t\t\t\t\t<\/h4>\n<h2>juice catering for any event <\/h2>\n<p>Malesuada fames ac turpis egestas integer eget aliquet nibh. Egestas maecenas pharetra convallis posuere morbi leo urna molestie at. Tellus rutrum tellus pellentesque eu tincidunt tortor aliquam nulla facilisi.<\/p>\n<p>\t\t\t\t\t\t\t\t<a href=\"https:\/\/library.elementor.com\/juice-bar-flexbox\/contact\/\"><br \/>\n\t\t\t\t\t\t\t\t\tContact us<br \/>\n\t\t\t\t\t<\/a><br \/>\n\t\t\t\t\t\t\t\t\t\t\t\t\t\t\t\t\t\t\t<img loading=\"lazy\" decoding=\"async\" width=\"509\" height=\"825\" src=\"https:\/\/ilk72saat.com\/wp-content\/uploads\/2026\/05\/HomePage-Footer.jpg\" alt=\"\" srcset=\"https:\/\/ilk72saat.com\/wp-content\/uploads\/2026\/05\/HomePage-Footer.jpg 509w, https:\/\/ilk72saat.com\/wp-content\/uploads\/2026\/05\/HomePage-Footer-185x300.jpg 185w\" sizes=\"auto, (max-width: 509px) 100vw, 509px\" \/>\t\t\t\t\t\t\t\t\t\t\t\t\t\t\t\t<\/p>\n<h2>Feel the juicy love<\/h2>\n<p>\t\t\t\t<i aria-hidden=\"true\">&#9733;<\/i><i aria-hidden=\"true\">&#9733;<\/i><i aria-hidden=\"true\">&#9733;<\/i><i aria-hidden=\"true\">&#9733;<\/i><i aria-hidden=\"true\">&#9733;<\/i>\t\t\t\tRated 5 out of 5<br \/>\n\t\t\t\t\t\t\t\u201cI love this place!! Their smoothies are delicious, and the team is super friendly.\u201d<br \/>\n\t\t\t\t\t\t\t\t\t\t\t\t\t\tSianna O.<br \/>\n\t\t\t\t<i aria-hidden=\"true\">&#9733;<\/i><i aria-hidden=\"true\">&#9733;<\/i><i aria-hidden=\"true\">&#9733;<\/i><i aria-hidden=\"true\">&#9733;<\/i><i aria-hidden=\"true\">&#9733;<\/i>\t\t\t\tRated 5 out of 5<br \/>\n\t\t\t\t\t\t\t\u201cThere\u2019s no other way to start your day. I stop at Juiceito every morning!\u201d<br \/>\n\t\t\t\t\t\t\t\t\t\t\t\t\t\tFloyd B.<br \/>\n\t\t\t\t<i aria-hidden=\"true\">&#9733;<\/i><i aria-hidden=\"true\">&#9733;<\/i><i aria-hidden=\"true\">&#9733;<\/i><i aria-hidden=\"true\">&#9733;<\/i><i aria-hidden=\"true\">&#9733;<\/i>\t\t\t\tRated 5 out of 5<br \/>\n\t\t\t\t\t\t\t\u201cI\u2019m a health freak and I am obsessed with Juiceito\u2019s fresh and organic juices!\u201d<br \/>\n\t\t\t\t\t\t\t\t\t\t\t\t\t\tKelsi S.<\/p>\n","protected":false},"excerpt":{"rendered":"<p>Haz\u0131r de\u011filsin haz\u0131rlanmaya ba\u015fla \u201cthere is nothing more refreshing than starting your day with a juiceito boost\u201d &#8211; \u2018The Healthy People\u2019 Magazine &#8211; smoothies Malesuada fames ac turpis egestas integer eget aliquet nibh. Egestas maecenas DISCOVER SMOOTHIES pressed Juices Malesuada fames ac turpis egestas integer eget aliquet nibh. Egestas maecenas DISCOVER JUICES wellness shots Malesuada [&hellip;]<\/p>\n","protected":false},"author":1,"featured_media":49,"parent":0,"menu_order":0,"comment_status":"closed","ping_status":"closed","template":"elementor_header_footer","meta":{"footnotes":""},"class_list":["post-40","page","type-page","status-publish","has-post-thumbnail","hentry"],"_links":{"self":[{"href":"https:\/\/ilk72saat.com\/index.php?rest_route=\/wp\/v2\/pages\/40","targetHints":{"allow":["GET"]}}],"collection":[{"href":"https:\/\/ilk72saat.com\/index.php?rest_route=\/wp\/v2\/pages"}],"about":[{"href":"https:\/\/ilk72saat.com\/index.php?rest_route=\/wp\/v2\/types\/page"}],"author":[{"embeddable":true,"href":"https:\/\/ilk72saat.com\/index.php?rest_route=\/wp\/v2\/users\/1"}],"replies":[{"embeddable":true,"href":"https:\/\/ilk72saat.com\/index.php?rest_route=%2Fwp%2Fv2%2Fcomments&post=40"}],"version-history":[{"count":8,"href":"https:\/\/ilk72saat.com\/index.php?rest_route=\/wp\/v2\/pages\/40\/revisions"}],"predecessor-version":[{"id":78,"href":"https:\/\/ilk72saat.com\/index.php?rest_route=\/wp\/v2\/pages\/40\/revisions\/78"}],"wp:featuredmedia":[{"embeddable":true,"href":"https:\/\/ilk72saat.com\/index.php?rest_route=\/wp\/v2\/media\/49"}],"wp:attachment":[{"href":"https:\/\/ilk72saat.com\/index.php?rest_route=%2Fwp%2Fv2%2Fmedia&parent=40"}],"curies":[{"name":"wp","href":"https:\/\/api.w.org\/{rel}","templated":true}]}}